{"id":298,"date":"2024-12-05T11:13:45","date_gmt":"2024-12-05T10:13:45","guid":{"rendered":"https:\/\/akkademus.pl\/szkolenia\/?page_id=298"},"modified":"2024-12-17T12:50:13","modified_gmt":"2024-12-17T11:50:13","slug":"szkolenia-dla-nauczycieli","status":"publish","type":"page","link":"https:\/\/akkademus.pl\/szkolenia\/sklep\/szkolenia-dla-nauczycieli\/","title":{"rendered":"Szkolenia dla nauczycieli"},"content":{"rendered":"\t\t<div data-elementor-type=\"wp-page\" data-elementor-id=\"298\" class=\"elementor elementor-298\">\n\t\t\t\t<div class=\"elementor-element elementor-element-29cbf75 e-flex e-con-boxed e-con e-parent\" data-id=\"29cbf75\" data-element_type=\"container\" data-e-type=\"container\">\n\t\t\t\t\t<div class=\"e-con-inner\">\n\t\t\t\t<div class=\"elementor-element elementor-element-5cd0c8d elementor-widget elementor-widget-image\" data-id=\"5cd0c8d\" data-element_type=\"widget\" data-e-type=\"widget\" data-widget_type=\"image.default\">\n\t\t\t\t<div class=\"elementor-widget-container\">\n\t\t\t\t\t\t\t\t\t\t\t\t\t\t\t<img fetchpriority=\"high\" decoding=\"async\" width=\"1024\" height=\"1024\" src=\"https:\/\/akkademus.pl\/szkolenia\/wp-content\/uploads\/2024\/11\/grafika-do-produktu-canva-1024x1024.png\" class=\"attachment-large size-large wp-image-476\" alt=\"\" srcset=\"https:\/\/akkademus.pl\/szkolenia\/wp-content\/uploads\/2024\/11\/grafika-do-produktu-canva-1024x1024.png 1024w, https:\/\/akkademus.pl\/szkolenia\/wp-content\/uploads\/2024\/11\/grafika-do-produktu-canva-300x300.png 300w, https:\/\/akkademus.pl\/szkolenia\/wp-content\/uploads\/2024\/11\/grafika-do-produktu-canva-150x150.png 150w, https:\/\/akkademus.pl\/szkolenia\/wp-content\/uploads\/2024\/11\/grafika-do-produktu-canva-768x768.png 768w, https:\/\/akkademus.pl\/szkolenia\/wp-content\/uploads\/2024\/11\/grafika-do-produktu-canva-600x600.png 600w, https:\/\/akkademus.pl\/szkolenia\/wp-content\/uploads\/2024\/11\/grafika-do-produktu-canva-100x100.png 100w, https:\/\/akkademus.pl\/szkolenia\/wp-content\/uploads\/2024\/11\/grafika-do-produktu-canva.png 1080w\" sizes=\"(max-width: 1024px) 100vw, 1024px\" \/>\t\t\t\t\t\t\t\t\t\t\t\t\t\t\t<\/div>\n\t\t\t\t<\/div>\n\t\t\t\t<div class=\"elementor-element elementor-element-c85b057 elementor-widget elementor-widget-heading\" data-id=\"c85b057\" data-element_type=\"widget\" data-e-type=\"widget\" data-widget_type=\"heading.default\">\n\t\t\t\t<div class=\"elementor-widget-container\">\n\t\t\t\t\t<h2 class=\"elementor-heading-title elementor-size-default\">Szczeg\u00f3\u0142y<\/h2>\t\t\t\t<\/div>\n\t\t\t\t<\/div>\n\t\t\t\t\t<\/div>\n\t\t\t\t<\/div>\n\t\t<div class=\"elementor-element elementor-element-603b6c7 e-flex e-con-boxed e-con e-parent\" data-id=\"603b6c7\" data-element_type=\"container\" data-e-type=\"container\">\n\t\t\t\t\t<div class=\"e-con-inner\">\n\t\t\t\t<div class=\"elementor-element elementor-element-52a878d elementor-widget elementor-widget-text-editor\" data-id=\"52a878d\" data-element_type=\"widget\" data-e-type=\"widget\" data-widget_type=\"text-editor.default\">\n\t\t\t\t<div class=\"elementor-widget-container\">\n\t\t\t\t\t\t\t\t\t<p>Jeste\u015b nauczycielem wychowania przedszkolnego?\u00a0<\/p><p>Chcesz wzbogaci\u0107 swoje zaj\u0119cia o estetyczne i anga\u017cuj\u0105ce materia\u0142y?<\/p><p>Canva to narz\u0119dzie, kt\u00f3re pozwoli Ci to osi\u0105gn\u0105\u0107. Przygotowali\u015bmy specjalne szkolenie online: <strong>\u201eCanva w pracy nauczyciela wychowania przedszkolnego\u201d<\/strong>, kt\u00f3re pomo\u017ce Ci w pe\u0142ni wykorzysta\u0107 potencja\u0142 tej aplikacji.\u00a0<\/p><p>Podczas szkolenia om\u00f3wimy krok po kroku podstawowe funkcje Canvy i poka\u017cemy praktyczne sposoby jej zastosowania w Twojej codziennej pracy. Szkolenie jest przyjazne dla os\u00f3b pocz\u0105tkuj\u0105cych i nie wymaga wcze\u015bniejszego do\u015bwiadczenia w pracy z grafik\u0105 komputerow\u0105. <\/p>\t\t\t\t\t\t\t\t<\/div>\n\t\t\t\t<\/div>\n\t\t\t\t\t<\/div>\n\t\t\t\t<\/div>\n\t\t<div class=\"elementor-element elementor-element-3a75ef3 e-flex e-con-boxed e-con e-parent\" data-id=\"3a75ef3\" data-element_type=\"container\" data-e-type=\"container\">\n\t\t\t\t\t<div class=\"e-con-inner\">\n\t\t\t\t<div class=\"elementor-element elementor-element-30b9f62 elementor-widget elementor-widget-button\" data-id=\"30b9f62\" data-element_type=\"widget\" data-e-type=\"widget\" data-widget_type=\"button.default\">\n\t\t\t\t<div class=\"elementor-widget-container\">\n\t\t\t\t\t\t\t\t\t<div class=\"elementor-button-wrapper\">\n\t\t\t\t\t<a class=\"elementor-button elementor-button-link elementor-size-sm\" href=\"https:\/\/akkademus.pl\/szkolenia\/produkt\/canva-w-pracy-nauczyciela-kreatywne-grafiki-od-podstaw\/\">\n\t\t\t\t\t\t<span class=\"elementor-button-content-wrapper\">\n\t\t\t\t\t\t\t\t\t<span class=\"elementor-button-text\">Zapisz si\u0119!<\/span>\n\t\t\t\t\t<\/span>\n\t\t\t\t\t<\/a>\n\t\t\t\t<\/div>\n\t\t\t\t\t\t\t\t<\/div>\n\t\t\t\t<\/div>\n\t\t\t\t\t<\/div>\n\t\t\t\t<\/div>\n\t\t\t\t<\/div>\n\t\t","protected":false},"excerpt":{"rendered":"<p>Szczeg\u00f3\u0142y Jeste\u015b nauczycielem wychowania przedszkolnego?\u00a0 Chcesz wzbogaci\u0107 swoje zaj\u0119cia o estetyczne i anga\u017cuj\u0105ce materia\u0142y? Canva to narz\u0119dzie, kt\u00f3re pozwoli Ci to osi\u0105gn\u0105\u0107. Przygotowali\u015bmy specjalne szkolenie online: \u201eCanva w pracy nauczyciela wychowania przedszkolnego\u201d, kt\u00f3re pomo\u017ce Ci w pe\u0142ni wykorzysta\u0107 potencja\u0142 tej aplikacji.\u00a0 Podczas szkolenia om\u00f3wimy krok po kroku podstawowe funkcje Canvy i poka\u017cemy praktyczne sposoby jej [&hellip;]<\/p>\n","protected":false},"author":1,"featured_media":0,"parent":73,"menu_order":0,"comment_status":"closed","ping_status":"closed","template":"","meta":{"footnotes":""},"class_list":["post-298","page","type-page","status-publish","hentry","entry","owp-thumbs-layout-horizontal","owp-btn-normal","owp-tabs-layout-horizontal","has-no-thumbnails","has-product-nav"],"jetpack_sharing_enabled":true,"_links":{"self":[{"href":"https:\/\/akkademus.pl\/szkolenia\/wp-json\/wp\/v2\/pages\/298","targetHints":{"allow":["GET"]}}],"collection":[{"href":"https:\/\/akkademus.pl\/szkolenia\/wp-json\/wp\/v2\/pages"}],"about":[{"href":"https:\/\/akkademus.pl\/szkolenia\/wp-json\/wp\/v2\/types\/page"}],"author":[{"embeddable":true,"href":"https:\/\/akkademus.pl\/szkolenia\/wp-json\/wp\/v2\/users\/1"}],"replies":[{"embeddable":true,"href":"https:\/\/akkademus.pl\/szkolenia\/wp-json\/wp\/v2\/comments?post=298"}],"version-history":[{"count":11,"href":"https:\/\/akkademus.pl\/szkolenia\/wp-json\/wp\/v2\/pages\/298\/revisions"}],"predecessor-version":[{"id":483,"href":"https:\/\/akkademus.pl\/szkolenia\/wp-json\/wp\/v2\/pages\/298\/revisions\/483"}],"up":[{"embeddable":true,"href":"https:\/\/akkademus.pl\/szkolenia\/wp-json\/wp\/v2\/pages\/73"}],"wp:attachment":[{"href":"https:\/\/akkademus.pl\/szkolenia\/wp-json\/wp\/v2\/media?parent=298"}],"curies":[{"name":"wp","href":"https:\/\/api.w.org\/{rel}","templated":true}]}}