{"id":3,"date":"2024-10-28T21:28:59","date_gmt":"2024-10-28T20:28:59","guid":{"rendered":"https:\/\/akkademus.pl\/szkolenia\/?page_id=3"},"modified":"2024-12-04T14:45:19","modified_gmt":"2024-12-04T13:45:19","slug":"polityka-prywatnosci","status":"publish","type":"page","link":"https:\/\/akkademus.pl\/szkolenia\/polityka-prywatnosci\/","title":{"rendered":"Polityka prywatno\u015bci"},"content":{"rendered":"\t\t<div data-elementor-type=\"wp-page\" data-elementor-id=\"3\" class=\"elementor elementor-3\">\n\t\t\t\t<div class=\"elementor-element elementor-element-1fcd98db e-flex e-con-boxed e-con e-parent\" data-id=\"1fcd98db\" data-element_type=\"container\" data-e-type=\"container\">\n\t\t\t\t\t<div class=\"e-con-inner\">\n\t\t\t\t<div class=\"elementor-element elementor-element-129f1671 elementor-widget elementor-widget-text-editor\" data-id=\"129f1671\" data-element_type=\"widget\" data-e-type=\"widget\" data-widget_type=\"text-editor.default\">\n\t\t\t\t<div class=\"elementor-widget-container\">\n\t\t\t\t\t\t\t\t\t<p><strong><u>POLITYKA PRYWATNO\u015aCI<\/u><\/strong><\/p><p><strong>https:\/\/akkademus.pl\/szkolenia\/<\/strong><\/p><ul><li><strong>1. <\/strong><\/li><\/ul><p><strong>POSTANOWIENIA OG\u00d3LNE<\/strong><\/p><ul><li>Niniejsza Polityka Prywatno\u015bci ma zastosowanie do danych osobowych u\u017cytkownik\u00f3w strony internetowej dzia\u0142aj\u0105cej pod adresem: <strong><a href=\"https:\/\/akkademus.pl\/szkolenia\/\">https:\/\/akkademus.pl\/szkolenia\/<\/a> <\/strong><\/li><li>Dane osobowe u\u017cytkownik\u00f3w s\u0105 przetwarzane zgodnie z Rozporz\u0105dzeniem Parlamentu Europejskiego i Rady (UE) 2016\/679 z dnia 27 kwietnia 2016 r. w sprawie ochrony os\u00f3b fizycznych w zwi\u0105zku z przetwarzaniem danych osobowych i w sprawie swobodnego przep\u0142ywu takich danych oraz uchylenia dyrektywy 95\/46\/WE (og\u00f3lne rozporz\u0105dzenie o ochronie danych) (Dz. Urz. UE L 119 z 04.05.2016 r., Dz. Urz. UE L 127 z 23.05.2018 r.), dalej zwanym RODO oraz ustaw\u0105 z dnia 18 lipca 2002 r. o \u015bwiadczeniu us\u0142ug drog\u0105 elektroniczn\u0105.<\/li><\/ul><ul><li><strong>2. <\/strong><\/li><\/ul><p><strong>ADMINISTRATOR DANYCH<\/strong><\/p><p>Administratorem Danych jest <strong>AKKADEMUS INNOWACJE DLA EDUKACJI <\/strong>Aneta Zwoli\u0144ska (siedziba: ul. Popularna 36\/1, 02-473 Warszawa, NIP: 946 223 68 71, REGON 060106134, e-mail: <a href=\"mailto:kontakt@akkademus.pl\"><span class=\"s1\">kontakt@akkademus.pl<\/span><\/a>, telefon: +48 883 585 200)<\/p><ul><li><strong>3. <\/strong><\/li><\/ul><p><strong>CEL, PODSTAWA, ZAKRES I CZAS PRZETWARZANIA DANYCH<\/strong><\/p><ul><li>Dane osobowe s\u0105 przetwarzane w celu realizacji <strong>us\u0142ug wsparcia edukacyjnego, w tym organizacji i sprzeda\u017cy certyfikowanych szkole\u0144 dla nauczycieli, tworzenia plan\u00f3w szkoleniowych, udost\u0119pniania narz\u0119dzi edukacyjnych<\/strong> oraz w celach archiwalnych (dowodowych), a tak\u017ce w celu oferowania us\u0142ug z wykorzystaniem \u015brodk\u00f3w komunikacji elektronicznej;<\/li><li>Podstaw\u0105 prawn\u0105 przetwarzania jest art. 6 ust. 1 lit. a, b, c, f RODO;<\/li><li>Przetwarzane s\u0105 nast\u0119puj\u0105ce dane osobowe: imi\u0119; nazwisko; nazwa plac\u00f3wki; adres; dane kontaktowe (e-mail, numer telefon); NIP; numer IP urz\u0105dzenia;<\/li><li>Okres przechowywania danych powi\u0105zany jest z celami i podstawami przetwarzania. Dane osobowe b\u0119d\u0105 przechowywane przez okres niezb\u0119dny dla realizacji celu, dla kt\u00f3rego zosta\u0142y zebrane, przez okres niezb\u0119dny do wype\u0142nienia obowi\u0105zku prawnego, a tak\u017ce do czasu przedawnienia roszcze\u0144. Je\u017celi wyrazili Pa\u0144stwo zgod\u0119 (na podstawie art. 6 ust. 1 lit. a RODO) \u2013 dane osobowe b\u0119d\u0105 przetwarzane do momentu wycofania zgody, ale nie d\u0142u\u017cej ni\u017c przez okres niezb\u0119dny do realizacji celu (dla kt\u00f3rego zosta\u0142y zebrane).<\/li><\/ul><ul><li><strong>4. <\/strong><\/li><\/ul><p><strong>PRAWA US\u0141UGOBIORCY<\/strong><\/p><p>U\u017cytkownik posiada prawo dost\u0119pu do swoich danych osobowych, prawo do ich sprostowania (poprawiania), prawo do ograniczenia przetwarzania danych (z zastrze\u017ceniem przypadk\u00f3w, o kt\u00f3rych mowa w art. 18 ust. 2 RODO), prawo do usuni\u0119cia swoich danych osobowych (z zastrze\u017ceniem przypadk\u00f3w okre\u015blonych w art. 17 ust. 3 RODO), prawo do cofni\u0119cia zgody w dowolnym momencie (bez wp\u0142ywu na zgodno\u015b\u0107 z prawem przetwarzania, kt\u00f3rego dokonano na podstawie zgody przed jej cofni\u0119ciem) oraz prawo do wniesienia skargi do Prezesa Urz\u0119du Ochrony Danych Osobowych.<\/p><ul><li><strong>5. <\/strong><\/li><\/ul><p><strong>INFORMACJE O ODBIORCACH DANYCH OSOBOWYCH\/KATEGORIACH ODBIORC\u00d3W<\/strong><\/p><p>Dane u\u017cytkownika mog\u0105 zosta\u0107 przekazane:<\/p><ul><li>podmiotom przetwarzaj\u0105cym dane w imieniu Administratora Danych, z kt\u00f3rymi podpisano umowy powierzenia przetwarzania danych osobowych, tj. firmie odpowiedzialnej za\u00a0utrzymanie serwisu: <a href=\"https:\/\/akkademus.pl\/szkolenia\/\">https:\/\/akkademus.pl\/szkolenia\/<\/a><\/li><li>organom publicznym i podmiotom (jedynie w sytuacji, gdy istnieje podstawa prawna do tego typu dzia\u0142a\u0144).<\/li><\/ul><ul><li><strong>6. <\/strong><\/li><\/ul><p><strong>INFORMACJA O ZAUTOMATYZOWANYM PODEJMOWANIU DECYZJI, W TYM O PROFILOWANIU<\/strong><\/p><p>Przetwarzanie danych osobowych u\u017cytkownika nie b\u0119dzie wykorzystywane do zautomatyzowanego podejmowania decyzji, w tym do profilowania.<\/p><ul><li><strong>7. <\/strong><\/li><\/ul><p><strong>INSPEKTOR OCHRONY DANYCH<\/strong><\/p><p>Kontakt do Inspektora Ochrony Danych &#8211; e-mail: <strong>kontakt@akkademus.pl<\/strong><\/p><ul><li><strong>8. <\/strong><\/li><\/ul><p><strong>PLIKI &#8222;COOKIES&#8221;<\/strong><\/p><ol><li>W zwi\u0105zku z udost\u0119pnianiem zawarto\u015bci strony internetowej dzia\u0142aj\u0105cej pod adresem: <strong><a href=\"https:\/\/akkademus.pl\/szkolenia\/\">https:\/\/akkademus.pl\/szkolenia\/<\/a> <\/strong>stosuje si\u0119 tzw. <em>cookies<\/em>, tj. informacje zapisywane przez serwer na urz\u0105dzeniu ko\u0144cowym u\u017cytkownika, kt\u00f3re mog\u0105 by\u0107 odczytane przy ka\u017cdorazowym po\u0142\u0105czeniu si\u0119 z tego urz\u0105dzenia ko\u0144cowego, mo\u017cna tak\u017ce u\u017cywa\u0107 innych technologii o funkcjach podobnych lub to\u017csamych z <em>cookies;<\/em><\/li><li>Pliki <em>cookies (<\/em> &#8222;ciasteczka&#8221;) stanowi\u0105 dane informatyczne, w szczeg\u00f3lno\u015bci pliki tekstowe, kt\u00f3re przechowywane s\u0105 w urz\u0105dzeniu ko\u0144cowym u\u017cytkownika strony internetowej: <strong><a href=\"https:\/\/akkademus.pl\/szkolenia\/\">https:\/\/akkademus.pl\/szkolenia\/<\/a> <\/strong><em>Cookies <\/em>zazwyczaj zawieraj\u0105 nazw\u0119 domeny serwisu internetowego, z kt\u00f3rego pochodz\u0105, czas przechowywania ich na urz\u0105dzeniu ko\u0144cowym oraz unikalny numer;<\/li><li>Pliki<em> cookies<\/em> wykorzystywane s\u0105 w celu dostosowania zawarto\u015bci strony do preferencji u\u017cytkownika, optymalizacji korzystania ze strony internetowej oraz w celach statystycznych. W szczeg\u00f3lno\u015bci pliki te pozwalaj\u0105 rozpozna\u0107 urz\u0105dzenie u\u017cytkownika serwisu internetowego i odpowiednio wy\u015bwietli\u0107 stron\u0119 internetow\u0105, dostosowan\u0105 do jego indywidualnych potrzeb, tworzy\u0107 statystyki, kt\u00f3re pomagaj\u0105 zrozumie\u0107, w jaki spos\u00f3b u\u017cytkownicy serwisu korzystaj\u0105 ze strony internetowej, co umo\u017cliwia ulepszanie ich struktury i zawarto\u015bci, utrzymania sesji u\u017cytkownika serwisu internetowego (po zalogowaniu), dzi\u0119ki kt\u00f3rej u\u017cytkownik nie musi na ka\u017cdej podstronie serwisu ponownie wpisywa\u0107 loginu i has\u0142a;<\/li><li>W wielu przypadkach oprogramowanie s\u0142u\u017c\u0105ce do przegl\u0105dania strony internetowej (przegl\u0105darka internetowa) domy\u015blnie dopuszcza przechowywanie plik\u00f3w <em>cookies<\/em> w urz\u0105dzeniu ko\u0144cowym u\u017cytkownika. U\u017cytkownicy serwisu mog\u0105 dokona\u0107 w ka\u017cdym czasie zmiany ustawie\u0144 dotycz\u0105cych plik\u00f3w Ustawienia te mog\u0105 zosta\u0107 zmienione w szczeg\u00f3lno\u015bci w taki spos\u00f3b, aby blokowa\u0107 automatyczn\u0105 obs\u0142ug\u0119 plik\u00f3w <em>cookies<\/em> w ustawie\u0144 przegl\u0105darki internetowej b\u0105d\u017a informowa\u0107 o ich ka\u017cdorazowym zamieszczeniu w urz\u0105dzeniu u\u017cytkownika serwisu internetowego. Szczeg\u00f3\u0142owe informacje o mo\u017cliwo\u015bci i sposobach obs\u0142ugi plik\u00f3w <em>cookies<\/em> dost\u0119pne s\u0105 w ustawie\u0144 oprogramowania (przegl\u0105darki internetowej). Niedokonanie zmiany ustawie\u0144 w zakresie <em>cookies<\/em> oznacza, \u017ce b\u0119d\u0105 one zamieszczone w urz\u0105dzeniu ko\u0144cowym u\u017cytkownika, a tym samym b\u0119dziemy przechowywa\u0107 informacje w urz\u0105dzeniu ko\u0144cowym u\u017cytkownika i uzyskiwa\u0107 dost\u0119p do tych informacji;<\/li><li>Wy\u0142\u0105czenie stosowania <em>cookies<\/em> mo\u017ce spowodowa\u0107 utrudnienia w korzystaniu z niekt\u00f3rych us\u0142ug w ramach serwisu internetowego, w szczeg\u00f3lno\u015bci wymagaj\u0105cych logowania. Wy\u0142\u0105czenie opcji przyjmowania <em>cookies <\/em>nie powoduje natomiast braku mo\u017cliwo\u015bci czytania lub ogl\u0105dania tre\u015bci zamieszczanych w serwisie internetowym: <strong><a href=\"https:\/\/akkademus.pl\/szkolenia\/\">https:\/\/akkademus.pl\/szkolenia\/<\/a> <\/strong>z zastrze\u017ceniem tych, do kt\u00f3rych dost\u0119p wymaga logowania.<\/li><\/ol><ul><li><strong>9. <\/strong><\/li><\/ul><p><strong>POSTANOWIENIA KO\u0143COWE<\/strong><\/p><ol><li>Administrator Danych wdro\u017cy\u0142 odpowiednie \u015brodki techniczne i organizacyjne zapewniaj\u0105ce ochron\u0119 przetwarzanych danych osobowych, uwzgl\u0119dniaj\u0105c stan wiedzy technicznej, koszt wdra\u017cania oraz charakter, zakres, kontekst i cele przetwarzania;<\/li><li>Administrator Danych w szczeg\u00f3lno\u015bci zabezpiecza dane osobowe przesy\u0142ane drog\u0105 elektroniczn\u0105 przed: przypadkow\u0105 lub niezgodn\u0105 z prawem utrat\u0105\/modyfikacj\u0105, nieuprawnionym ujawnieniem lub nieuprawnionym dost\u0119pem do przetwarzanych danych osobowych.<\/li><\/ol>\t\t\t\t\t\t\t\t<\/div>\n\t\t\t\t<\/div>\n\t\t\t\t\t<\/div>\n\t\t\t\t<\/div>\n\t\t\t\t<\/div>\n\t\t","protected":false},"excerpt":{"rendered":"<p>POLITYKA PRYWATNO\u015aCI https:\/\/akkademus.pl\/szkolenia\/ 1. POSTANOWIENIA OG\u00d3LNE Niniejsza Polityka Prywatno\u015bci ma zastosowanie do danych osobowych u\u017cytkownik\u00f3w strony internetowej dzia\u0142aj\u0105cej pod adresem: https:\/\/akkademus.pl\/szkolenia\/ Dane osobowe u\u017cytkownik\u00f3w s\u0105 przetwarzane zgodnie z Rozporz\u0105dzeniem Parlamentu Europejskiego i Rady (UE) 2016\/679 z dnia 27 kwietnia 2016 r. w sprawie ochrony os\u00f3b fizycznych w zwi\u0105zku z przetwarzaniem danych osobowych i w sprawie [&hellip;]<\/p>\n","protected":false},"author":1,"featured_media":0,"parent":0,"menu_order":0,"comment_status":"closed","ping_status":"open","template":"","meta":{"footnotes":""},"class_list":["post-3","page","type-page","status-publish","hentry","entry","owp-thumbs-layout-horizontal","owp-btn-normal","owp-tabs-layout-horizontal","has-no-thumbnails","has-product-nav"],"jetpack_sharing_enabled":true,"_links":{"self":[{"href":"https:\/\/akkademus.pl\/szkolenia\/wp-json\/wp\/v2\/pages\/3","targetHints":{"allow":["GET"]}}],"collection":[{"href":"https:\/\/akkademus.pl\/szkolenia\/wp-json\/wp\/v2\/pages"}],"about":[{"href":"https:\/\/akkademus.pl\/szkolenia\/wp-json\/wp\/v2\/types\/page"}],"author":[{"embeddable":true,"href":"https:\/\/akkademus.pl\/szkolenia\/wp-json\/wp\/v2\/users\/1"}],"replies":[{"embeddable":true,"href":"https:\/\/akkademus.pl\/szkolenia\/wp-json\/wp\/v2\/comments?post=3"}],"version-history":[{"count":18,"href":"https:\/\/akkademus.pl\/szkolenia\/wp-json\/wp\/v2\/pages\/3\/revisions"}],"predecessor-version":[{"id":275,"href":"https:\/\/akkademus.pl\/szkolenia\/wp-json\/wp\/v2\/pages\/3\/revisions\/275"}],"wp:attachment":[{"href":"https:\/\/akkademus.pl\/szkolenia\/wp-json\/wp\/v2\/media?parent=3"}],"curies":[{"name":"wp","href":"https:\/\/api.w.org\/{rel}","templated":true}]}}