{"id":124,"date":"2024-11-10T19:58:12","date_gmt":"2024-11-10T18:58:12","guid":{"rendered":"https:\/\/akkademus.pl\/szkolenia\/?post_type=product&#038;p=124"},"modified":"2024-12-17T12:01:00","modified_gmt":"2024-12-17T11:01:00","slug":"canva-w-pracy-nauczyciela-kreatywne-grafiki-od-podstaw","status":"publish","type":"product","link":"https:\/\/akkademus.pl\/szkolenia\/produkt\/canva-w-pracy-nauczyciela-kreatywne-grafiki-od-podstaw\/","title":{"rendered":"Canva w pracy Nauczyciela"},"content":{"rendered":"<p><strong>Szkolenia dla Nauczycieli \u2013 obs\u0142uga Canvy<\/strong><\/p>\n<p>Chcesz wpisa\u0107 swoje dzia\u0142ania w podstawowe kierunki polityki o\u015bwiatowej pa\u0144stwa w roku szkolnym 2024\/2025 (czyt. <em>Wspieranie rozwoju umiej\u0119tno\u015bci uczni\u00f3w i nauczycieli, ze szczeg\u00f3lnym uwzgl\u0119dnieniem bezpiecznego poruszania si\u0119 w sieci (\u2026))?<\/em><\/p>\n<p>Podczas szkolenia online <strong>,,Canva dla przedszkola \u2013 kreatywne grafiki od podstaw\u201d <\/strong>om\u00f3wimy krok po kroku podstawowe funkcje Canvy i poka\u017cemy praktyczne sposoby zastosowania jej w Twojej codziennej pracy w przedszkolu.<\/p>\n<p>Szkolenie jest przyjazne dla os\u00f3b pocz\u0105tkuj\u0105cych i nie wymaga wcze\u015bniejszego do\u015bwiadczenia w pracy z grafik\u0105 komputerow\u0105.<\/p>\n<p><strong>ZAGADNIENIA SZKOLENIOWE:<\/strong><\/p>\n<ol>\n<li><strong>Canva dla przedszkoli\/szk\u00f3\u0142<\/strong> \u2013 zak\u0142adanie darmowego konta premium.<\/li>\n<li><strong>Strona g\u0142\u00f3wna i podstawowe funkcje \u2013 <\/strong>om\u00f3wienie dost\u0119pnych szablon\u00f3w, gotowych grafik, wgrywanie i edycja plik\u00f3w, zapisywanie i udost\u0119pnianie projekt\u00f3w.<\/li>\n<li><strong>Cz\u0119\u015b\u0107 praktyczna. Zobaczysz jak \u0142atwo zrobi\u0107:<\/strong><\/li>\n<\/ol>\n<ul>\n<li><strong>zaproszenia<\/strong> na uroczysto\u015bci przedszkolne;<\/li>\n<li>personalizowane <strong>dyplomy i certyfikaty dla dzieci<\/strong> na r\u00f3\u017cne okazje, np. certyfikat Super Przedszkolaka, dyplom za udzia\u0142u w konkursie,<\/li>\n<li>personalizowane <strong>podzi\u0119kowania dla Rodzic\u00f3w i certyfikaty dla nauczycieli<\/strong>, np. za przygotowanie dziecka do wyst\u0119pu\/konkursu itp.,<\/li>\n<li><strong>pomoce dydaktyczne<\/strong> do zaj\u0119\u0107 \u2013 karty obrazkowe, karty pracy,<\/li>\n<li><strong>plakaty<\/strong> <strong>informuj\u0105ce<\/strong> rodzic\u00f3w, np. o akcjach charytatywnych, konkursach, kiermaszach i innych wydarzeniach,<\/li>\n<li><strong>plakaty edukacyjne<\/strong> dla rodzic\u00f3w, np. o procesie adaptacji, czy gotowo\u015bci szkolnej dziecka,<\/li>\n<li><strong>infografiki<\/strong> na media spo\u0142eczno\u015bciowe i stron\u0119 internetow\u0105 przedszkola,<\/li>\n<li><strong>artyku\u0142y<\/strong> do szkolnej gazetki lub jego redakcj\u0119.<\/li>\n<\/ul>\n<p>Ka\u017cdy uczestnik szkolenia otrzyma <strong>certyfikat uczestnictwa <\/strong>oraz <strong>niezb\u0119dnik Nauczyciela<\/strong> \u2013 pakiet gotowych materia\u0142\u00f3w szkoleniowych do wykorzystania w pracy m.in.: <em>dyplom Super Dziadka i Super Babci<\/em>, <em>zaproszenie na \u015bwi\u0105teczne wydarzenie w Waszym Przedszkolu, plakat z \u017cyczeniami bo\u017conarodzeniowymi dla rodzic\u00f3w.<\/em><\/p>\n<p>&nbsp;<\/p>\n","protected":false},"excerpt":{"rendered":"<p><strong>Jeste\u015b nauczycielem wychowania przedszkolnego? Chcesz wzbogaci\u0107 swoje zaj\u0119cia o estetyczne i anga\u017cuj\u0105ce materia\u0142y? To wydarzenie jest dla Ciebie!<\/strong><\/p>\n<p>&nbsp;<\/p>\n","protected":false},"featured_media":476,"comment_status":"open","ping_status":"closed","template":"","meta":[],"product_brand":[],"product_cat":[20],"product_tag":[],"class_list":{"0":"post-124","1":"product","2":"type-product","3":"status-publish","4":"has-post-thumbnail","6":"product_cat-szkolenia-online","8":"entry","9":"has-media","11":"first","12":"instock","13":"sale","14":"virtual","15":"purchasable","16":"product-type-simple","17":"has-product-nav","18":"col","19":"span_1_of_3","20":"owp-content-center","21":"owp-thumbs-layout-horizontal","22":"owp-btn-normal","23":"owp-tabs-layout-horizontal","24":"has-no-thumbnails"},"jetpack_sharing_enabled":true,"_links":{"self":[{"href":"https:\/\/akkademus.pl\/szkolenia\/wp-json\/wp\/v2\/product\/124","targetHints":{"allow":["GET"]}}],"collection":[{"href":"https:\/\/akkademus.pl\/szkolenia\/wp-json\/wp\/v2\/product"}],"about":[{"href":"https:\/\/akkademus.pl\/szkolenia\/wp-json\/wp\/v2\/types\/product"}],"replies":[{"embeddable":true,"href":"https:\/\/akkademus.pl\/szkolenia\/wp-json\/wp\/v2\/comments?post=124"}],"wp:featuredmedia":[{"embeddable":true,"href":"https:\/\/akkademus.pl\/szkolenia\/wp-json\/wp\/v2\/media\/476"}],"wp:attachment":[{"href":"https:\/\/akkademus.pl\/szkolenia\/wp-json\/wp\/v2\/media?parent=124"}],"wp:term":[{"taxonomy":"product_brand","embeddable":true,"href":"https:\/\/akkademus.pl\/szkolenia\/wp-json\/wp\/v2\/product_brand?post=124"},{"taxonomy":"product_cat","embeddable":true,"href":"https:\/\/akkademus.pl\/szkolenia\/wp-json\/wp\/v2\/product_cat?post=124"},{"taxonomy":"product_tag","embeddable":true,"href":"https:\/\/akkademus.pl\/szkolenia\/wp-json\/wp\/v2\/product_tag?post=124"}],"curies":[{"name":"wp","href":"https:\/\/api.w.org\/{rel}","templated":true}]}}